{"id":1820,"date":"2023-02-08T06:33:13","date_gmt":"2023-02-08T06:33:13","guid":{"rendered":"https:\/\/striimaaja.fi\/?page_id=1820"},"modified":"2023-03-13T13:41:46","modified_gmt":"2023-03-13T13:41:46","slug":"palvelupaketit-twitch-markkinoinnissa","status":"publish","type":"page","link":"https:\/\/striimaaja.fi\/sv\/palvelupaketit-twitch-markkinoinnissa\/","title":{"rendered":"Palvelupaketit Twitch-markkinoinnissa"},"content":{"rendered":"<div data-elementor-type=\"wp-page\" data-elementor-id=\"1820\" class=\"elementor elementor-1820\">\n\t\t\t\t\t\t<section class=\"elementor-section elementor-top-section elementor-element elementor-element-69ac0cb2 elementor-section-full_width elementor-section-height-min-height elementor-section-height-default elementor-section-items-middle wpr-particle-no wpr-jarallax-no wpr-parallax-no wpr-sticky-section-no\" data-id=\"69ac0cb2\" data-element_type=\"section\" data-settings=\"{&quot;background_background&quot;:&quot;classic&quot;,&quot;shape_divider_bottom&quot;:&quot;opacity-fan&quot;}\">\n\t\t\t\t\t\t\t<div class=\"elementor-background-overlay\"><\/div>\n\t\t\t\t\t\t<div class=\"elementor-shape elementor-shape-bottom\" data-negative=\"false\">\n\t\t\t<svg xmlns=\"http:\/\/www.w3.org\/2000\/svg\" viewbox=\"0 0 283.5 19.6\" preserveaspectratio=\"none\">\n\t<path class=\"elementor-shape-fill\" style=\"opacity:0.33\" d=\"M0 0L0 18.8 141.8 4.1 283.5 18.8 283.5 0z\"\/>\n\t<path class=\"elementor-shape-fill\" style=\"opacity:0.33\" d=\"M0 0L0 12.6 141.8 4 283.5 12.6 283.5 0z\"\/>\n\t<path class=\"elementor-shape-fill\" style=\"opacity:0.33\" d=\"M0 0L0 6.4 141.8 4 283.5 6.4 283.5 0z\"\/>\n\t<path class=\"elementor-shape-fill\" d=\"M0 0L0 1.2 141.8 4 283.5 1.2 283.5 0z\"\/>\n<\/svg>\t\t<\/div>\n\t\t\t\t\t<div class=\"elementor-container elementor-column-gap-default\">\n\t\t\t\t\t<div class=\"elementor-column elementor-col-100 elementor-top-column elementor-element elementor-element-7c25427f\" data-id=\"7c25427f\" data-element_type=\"column\">\n\t\t\t<div class=\"elementor-widget-wrap elementor-element-populated\">\n\t\t\t\t\t\t<div class=\"elementor-element elementor-element-491842a3 elementor-widget elementor-widget-heading\" data-id=\"491842a3\" data-element_type=\"widget\" data-widget_type=\"heading.default\">\n\t\t\t\t<div class=\"elementor-widget-container\">\n\t\t\t<style>\/*! elementor - v3.21.0 - 15-04-2024 *\/\n.elementor-heading-title{padding:0;margin:0;line-height:1}.elementor-widget-heading .elementor-heading-title[class*=elementor-size-]>a{color:inherit;font-size:inherit;line-height:inherit}.elementor-widget-heading .elementor-heading-title.elementor-size-small{font-size:15px}.elementor-widget-heading .elementor-heading-title.elementor-size-medium{font-size:19px}.elementor-widget-heading .elementor-heading-title.elementor-size-large{font-size:29px}.elementor-widget-heading .elementor-heading-title.elementor-size-xl{font-size:39px}.elementor-widget-heading .elementor-heading-title.elementor-size-xxl{font-size:59px}<\/style><h1 class=\"elementor-heading-title elementor-size-default\">Palvelupaketit Twitch-markkinoinnissa<\/h1>\t\t<\/div>\n\t\t\t\t<\/div>\n\t\t\t\t<div class=\"elementor-element elementor-element-2afa3f4e elementor-widget elementor-widget-heading\" data-id=\"2afa3f4e\" data-element_type=\"widget\" data-widget_type=\"heading.default\">\n\t\t\t\t<div class=\"elementor-widget-container\">\n\t\t\t<h2 class=\"elementor-heading-title elementor-size-xl\">Hinnoittelu ja paketit<\/h2>\t\t<\/div>\n\t\t\t\t<\/div>\n\t\t\t\t\t<\/div>\n\t\t<\/div>\n\t\t\t\t\t<\/div>\n\t\t<\/section>\n\t\t\t\t<section class=\"elementor-section elementor-top-section elementor-element elementor-element-4d9592e2 elementor-section-boxed elementor-section-height-default elementor-section-height-default wpr-particle-no wpr-jarallax-no wpr-parallax-no wpr-sticky-section-no\" data-id=\"4d9592e2\" data-element_type=\"section\" id=\"xs_pricing_9\" data-settings=\"{&quot;background_background&quot;:&quot;classic&quot;}\">\n\t\t\t\t\t\t<div class=\"elementor-container elementor-column-gap-default\">\n\t\t\t\t\t<div class=\"elementor-column elementor-col-100 elementor-top-column elementor-element elementor-element-642018a7\" data-id=\"642018a7\" data-element_type=\"column\">\n\t\t\t<div class=\"elementor-widget-wrap elementor-element-populated\">\n\t\t\t\t\t\t<section class=\"elementor-section elementor-inner-section elementor-element elementor-element-dce683f elementor-section-boxed elementor-section-height-default elementor-section-height-default wpr-particle-no wpr-jarallax-no wpr-parallax-no wpr-sticky-section-no\" data-id=\"dce683f\" data-element_type=\"section\">\n\t\t\t\t\t\t<div class=\"elementor-container elementor-column-gap-default\">\n\t\t\t\t\t<div class=\"elementor-column elementor-col-100 elementor-inner-column elementor-element elementor-element-36275661\" data-id=\"36275661\" data-element_type=\"column\">\n\t\t\t<div class=\"elementor-widget-wrap elementor-element-populated\">\n\t\t\t\t\t\t<div class=\"elementor-element elementor-element-714447b2 elementor-widget elementor-widget-elementskit-heading\" data-id=\"714447b2\" data-element_type=\"widget\" data-widget_type=\"elementskit-heading.default\">\n\t\t\t\t<div class=\"elementor-widget-container\">\n\t\t\t<div class=\"ekit-wid-con\" ><div class=\"ekit-heading elementskit-section-title-wraper center   ekit_heading_tablet-   ekit_heading_mobile-\"><h2 class=\"ekit-heading--title elementskit-section-title\">Hinnoittelumallit<\/h2>\t\t\t\t<div class='ekit-heading__description'>\n\t\t\t\t\t<p>Paketeissamme on kolme erilaista hinnoittelumallia. Valitse n\u00e4ist\u00e4 omaan kampanjaasi ja budjettiisi sopiva. Voit my\u00f6s ottaa yhteytt\u00e4 ja kertoa budjettisi ja r\u00e4\u00e4t\u00e4l\u00f6id\u00e4\u00e4n kampanja juuri sinulle.<\/p>\n\t\t\t\t<\/div>\n\t\t\t<\/div><\/div>\t\t<\/div>\n\t\t\t\t<\/div>\n\t\t\t\t\t<\/div>\n\t\t<\/div>\n\t\t\t\t\t<\/div>\n\t\t<\/section>\n\t\t\t\t\t<\/div>\n\t\t<\/div>\n\t\t\t\t\t<\/div>\n\t\t<\/section>\n\t\t\t\t<section class=\"elementor-section elementor-top-section elementor-element elementor-element-7b1a0a6 elementor-section-boxed elementor-section-height-default elementor-section-height-default wpr-particle-no wpr-jarallax-no wpr-parallax-no wpr-sticky-section-no\" data-id=\"7b1a0a6\" data-element_type=\"section\">\n\t\t\t\t\t\t<div class=\"elementor-container elementor-column-gap-default\">\n\t\t\t\t\t<div class=\"elementor-column elementor-col-100 elementor-top-column elementor-element elementor-element-287d96d4\" data-id=\"287d96d4\" data-element_type=\"column\">\n\t\t\t<div class=\"elementor-widget-wrap elementor-element-populated\">\n\t\t\t\t\t\t<div class=\"elementor-element elementor-element-37331f33 elementor-widget elementor-widget-text-editor\" data-id=\"37331f33\" data-element_type=\"widget\" data-widget_type=\"text-editor.default\">\n\t\t\t\t<div class=\"elementor-widget-container\">\n\t\t\t<style>\/*! elementor - v3.21.0 - 15-04-2024 *\/\n.elementor-widget-text-editor.elementor-drop-cap-view-stacked .elementor-drop-cap{background-color:#69727d;color:#fff}.elementor-widget-text-editor.elementor-drop-cap-view-framed .elementor-drop-cap{color:#69727d;border:3px solid;background-color:transparent}.elementor-widget-text-editor:not(.elementor-drop-cap-view-default) .elementor-drop-cap{margin-top:8px}.elementor-widget-text-editor:not(.elementor-drop-cap-view-default) .elementor-drop-cap-letter{width:1em;height:1em}.elementor-widget-text-editor .elementor-drop-cap{float:left;text-align:center;line-height:1;font-size:50px}.elementor-widget-text-editor .elementor-drop-cap-letter{display:inline-block}<\/style>\t\t\t\t<p>*Kokonaisuus suunnitellaan sopimaan br\u00e4ndin viestint\u00e4\u00e4n sek\u00e4 puhuttelemaan kohderyhm\u00e4\u00e4.<\/p><p><strong>Kaikkeen ty\u00f6h\u00f6n sis\u00e4ltyy aina:<\/strong><\/p><ul><li>kampanjan sis\u00e4lt\u00f6ehdotukset<\/li><li>tuotanto<\/li><li>sis\u00e4ll\u00f6ntuottajien valinta sek\u00e4 hallinnointi kampanjan ajan<\/li><li>sis\u00e4ll\u00f6ntuotanto kanavissa<\/li><li>raportointi ja analyysi kampanjan p\u00e4\u00e4ttymisen j\u00e4lkeen<\/li><\/ul>\t\t\t\t\t\t<\/div>\n\t\t\t\t<\/div>\n\t\t\t\t\t<\/div>\n\t\t<\/div>\n\t\t\t\t\t<\/div>\n\t\t<\/section>\n\t\t\t\t<\/div>","protected":false},"excerpt":{"rendered":"<p>Palvelupaketit Twitch-markkinoinnissa Hinnoittelu ja paketit Hinnoittelumallit Paketeissamme on kolme erilaista hinnoittelumallia. Valitse n\u00e4ist\u00e4 omaan kampanjaasi ja budjettiisi sopiva. Voit my\u00f6s ottaa yhteytt\u00e4 ja kertoa budjettisi ja r\u00e4\u00e4t\u00e4l\u00f6id\u00e4\u00e4n kampanja juuri sinulle. Pyr\u00e4hdys Kertaluontoiseen kampanjaan tai kohderyhm\u00e4n testaamiseen \u20ac 0,15 \/ uniikki katsoja 50 000 uniikkia katsojaa 2-3 viikkoa 1-3 valikoitua sis\u00e4ll\u00f6ntuottajaa ~ 200 000 n\u00e4ytt\u00f6kertaa 7 [&hellip;]<\/p>","protected":false},"author":1,"featured_media":2002,"parent":0,"menu_order":4,"comment_status":"closed","ping_status":"closed","template":"","meta":{"om_disable_all_campaigns":false,"_monsterinsights_skip_tracking":false,"_monsterinsights_sitenote_active":false,"_monsterinsights_sitenote_note":"","_monsterinsights_sitenote_category":0,"footnotes":""},"class_list":["post-1820","page","type-page","status-publish","has-post-thumbnail","hentry","entry","has-media"],"aioseo_notices":[],"_links":{"self":[{"href":"https:\/\/striimaaja.fi\/sv\/wp-json\/wp\/v2\/pages\/1820"}],"collection":[{"href":"https:\/\/striimaaja.fi\/sv\/wp-json\/wp\/v2\/pages"}],"about":[{"href":"https:\/\/striimaaja.fi\/sv\/wp-json\/wp\/v2\/types\/page"}],"author":[{"embeddable":true,"href":"https:\/\/striimaaja.fi\/sv\/wp-json\/wp\/v2\/users\/1"}],"replies":[{"embeddable":true,"href":"https:\/\/striimaaja.fi\/sv\/wp-json\/wp\/v2\/comments?post=1820"}],"version-history":[{"count":132,"href":"https:\/\/striimaaja.fi\/sv\/wp-json\/wp\/v2\/pages\/1820\/revisions"}],"predecessor-version":[{"id":2325,"href":"https:\/\/striimaaja.fi\/sv\/wp-json\/wp\/v2\/pages\/1820\/revisions\/2325"}],"wp:featuredmedia":[{"embeddable":true,"href":"https:\/\/striimaaja.fi\/sv\/wp-json\/wp\/v2\/media\/2002"}],"wp:attachment":[{"href":"https:\/\/striimaaja.fi\/sv\/wp-json\/wp\/v2\/media?parent=1820"}],"curies":[{"name":"wp","href":"https:\/\/api.w.org\/{rel}","templated":true}]}}