{"id":13,"date":"2022-11-29T07:57:15","date_gmt":"2022-11-29T07:57:15","guid":{"rendered":"http:\/\/striimaaja.fi\/blog\/"},"modified":"2023-03-03T08:21:27","modified_gmt":"2023-03-03T08:21:27","slug":"blog","status":"publish","type":"page","link":"https:\/\/striimaaja.fi\/sv\/blogg\/","title":{"rendered":"Sis\u00e4lt\u00f6markkinointia ja sis\u00e4ll\u00f6ntuotantoa\u200b blog"},"content":{"rendered":"<div data-elementor-type=\"wp-page\" data-elementor-id=\"13\" class=\"elementor elementor-13\">\n\t\t\t\t\t\t<section class=\"elementor-section elementor-top-section elementor-element elementor-element-54860790 elementor-section-full_width elementor-section-height-min-height elementor-section-height-default elementor-section-items-middle wpr-particle-no wpr-jarallax-no wpr-parallax-no wpr-sticky-section-no\" data-id=\"54860790\" data-element_type=\"section\" data-settings=\"{&quot;background_background&quot;:&quot;classic&quot;,&quot;shape_divider_bottom&quot;:&quot;opacity-fan&quot;}\">\n\t\t\t\t\t\t\t<div class=\"elementor-background-overlay\"><\/div>\n\t\t\t\t\t\t<div class=\"elementor-shape elementor-shape-bottom\" data-negative=\"false\">\n\t\t\t<svg xmlns=\"http:\/\/www.w3.org\/2000\/svg\" viewbox=\"0 0 283.5 19.6\" preserveaspectratio=\"none\">\n\t<path class=\"elementor-shape-fill\" style=\"opacity:0.33\" d=\"M0 0L0 18.8 141.8 4.1 283.5 18.8 283.5 0z\"\/>\n\t<path class=\"elementor-shape-fill\" style=\"opacity:0.33\" d=\"M0 0L0 12.6 141.8 4 283.5 12.6 283.5 0z\"\/>\n\t<path class=\"elementor-shape-fill\" style=\"opacity:0.33\" d=\"M0 0L0 6.4 141.8 4 283.5 6.4 283.5 0z\"\/>\n\t<path class=\"elementor-shape-fill\" d=\"M0 0L0 1.2 141.8 4 283.5 1.2 283.5 0z\"\/>\n<\/svg>\t\t<\/div>\n\t\t\t\t\t<div class=\"elementor-container elementor-column-gap-default\">\n\t\t\t\t\t<div class=\"elementor-column elementor-col-100 elementor-top-column elementor-element elementor-element-3f73f9b4\" data-id=\"3f73f9b4\" data-element_type=\"column\">\n\t\t\t<div class=\"elementor-widget-wrap elementor-element-populated\">\n\t\t\t\t\t\t<div class=\"elementor-element elementor-element-368c151 elementor-widget elementor-widget-heading\" data-id=\"368c151\" data-element_type=\"widget\" data-widget_type=\"heading.default\">\n\t\t\t\t<div class=\"elementor-widget-container\">\n\t\t\t<style>\/*! elementor - v3.21.0 - 15-04-2024 *\/\n.elementor-heading-title{padding:0;margin:0;line-height:1}.elementor-widget-heading .elementor-heading-title[class*=elementor-size-]>a{color:inherit;font-size:inherit;line-height:inherit}.elementor-widget-heading .elementor-heading-title.elementor-size-small{font-size:15px}.elementor-widget-heading .elementor-heading-title.elementor-size-medium{font-size:19px}.elementor-widget-heading .elementor-heading-title.elementor-size-large{font-size:29px}.elementor-widget-heading .elementor-heading-title.elementor-size-xl{font-size:39px}.elementor-widget-heading .elementor-heading-title.elementor-size-xxl{font-size:59px}<\/style><h1 class=\"elementor-heading-title elementor-size-default\">Sis\u00e4lt\u00f6markkinointia ja sis\u00e4ll\u00f6ntuotantoa<\/h1>\t\t<\/div>\n\t\t\t\t<\/div>\n\t\t\t\t<div class=\"elementor-element elementor-element-3935ae43 elementor-widget elementor-widget-heading\" data-id=\"3935ae43\" data-element_type=\"widget\" data-widget_type=\"heading.default\">\n\t\t\t\t<div class=\"elementor-widget-container\">\n\t\t\t<h2 class=\"elementor-heading-title elementor-size-xl\">En streamers blogg om hur du lyckas med inneh\u00e5llsmarknadsf\u00f6ring p\u00e5 Twitch<\/h2>\t\t<\/div>\n\t\t\t\t<\/div>\n\t\t\t\t\t<\/div>\n\t\t<\/div>\n\t\t\t\t\t<\/div>\n\t\t<\/section>\n\t\t\t\t<section class=\"elementor-section elementor-top-section elementor-element elementor-element-2b032450 elementor-section-boxed elementor-section-height-default elementor-section-height-default wpr-particle-no wpr-jarallax-no wpr-parallax-no wpr-sticky-section-no\" data-id=\"2b032450\" data-element_type=\"section\">\n\t\t\t\t\t\t<div class=\"elementor-container elementor-column-gap-no\">\n\t\t\t\t\t<div class=\"elementor-column elementor-col-100 elementor-top-column elementor-element elementor-element-44fc0570\" data-id=\"44fc0570\" data-element_type=\"column\">\n\t\t\t<div class=\"elementor-widget-wrap elementor-element-populated\">\n\t\t\t\t\t\t<div class=\"elementor-element elementor-element-1433ef4a elementor-widget elementor-widget-elementskit-heading\" data-id=\"1433ef4a\" data-element_type=\"widget\" data-widget_type=\"elementskit-heading.default\">\n\t\t\t\t<div class=\"elementor-widget-container\">\n\t\t\t<div class=\"ekit-wid-con\" ><div class=\"ekit-heading elementskit-section-title-wraper text_center   ekit_heading_tablet-   ekit_heading_mobile-\"><h2 class=\"ekit-heading--title elementskit-section-title\">Sis\u00e4lt\u00f6markkinointia ja sis\u00e4ll\u00f6ntuotantoa<\/h2><h3 class=\"ekit-heading--subtitle elementskit-section-subtitle\">\n\t\t\t\t\t\tEn streamers blogg om hur du lyckas med inneh\u00e5llsmarknadsf\u00f6ring p\u00e5 Twitch\n\t\t\t\t\t<\/h3><\/div><\/div>\t\t<\/div>\n\t\t\t\t<\/div>\n\t\t\t\t\t<\/div>\n\t\t<\/div>\n\t\t\t\t\t<\/div>\n\t\t<\/section>\n\t\t\t\t<section class=\"elementor-section elementor-top-section elementor-element elementor-element-c7a8f34 elementor-section-boxed elementor-section-height-default elementor-section-height-default wpr-particle-no wpr-jarallax-no wpr-parallax-no wpr-sticky-section-no\" data-id=\"c7a8f34\" data-element_type=\"section\">\n\t\t\t\t\t\t<div class=\"elementor-container elementor-column-gap-default\">\n\t\t\t\t\t<div class=\"elementor-column elementor-col-100 elementor-top-column elementor-element elementor-element-c2a8f29\" data-id=\"c2a8f29\" data-element_type=\"column\">\n\t\t\t<div class=\"elementor-widget-wrap elementor-element-populated\">\n\t\t\t\t\t\t<div class=\"elementor-element elementor-element-cb96214 premium-blog-align-left elementor-widget elementor-widget-premium-addon-blog\" data-id=\"cb96214\" data-element_type=\"widget\" data-settings=\"{&quot;premium_blog_grid&quot;:&quot;yes&quot;,&quot;premium_blog_layout&quot;:&quot;even&quot;,&quot;premium_blog_columns_number&quot;:&quot;50%&quot;,&quot;premium_blog_columns_number_tablet&quot;:&quot;50%&quot;,&quot;premium_blog_columns_number_mobile&quot;:&quot;100%&quot;,&quot;scroll_to_offset&quot;:&quot;yes&quot;}\" data-widget_type=\"premium-addon-blog.default\">\n\t\t\t\t<div class=\"elementor-widget-container\">\n\t\t\t\r\n\t\t\t\t<div class=\"premium-blog-wrap  premium-blog-even\" data-page=\"13\" data-pagination=\"true\">\r\n\t\t\t\t\t<div class=\"premium-blog-post-outer-container\" data-total=\"2\">\r\n\t\t\t<div class=\"premium-blog-post-container premium-blog-skin-modern\">\r\n\t\t\t\t\t\t\t\t\t<div class=\"premium-blog-thumb-effect-wrapper\">\r\n\t\t\t\t\t\t<div class=\"premium-blog-thumbnail-container premium-blog-zoomin-effect\">\r\n\t\t\t\t\t\t\t\t\t\t\t<a href=\"https:\/\/striimaaja.fi\/sv\/blog\/vad-ar-discord-och-hur-det-fungerar\/\" target=\"_blank\">\r\n\t\t\t\t<img fetchpriority=\"high\" decoding=\"async\" width=\"1024\" height=\"1024\" src=\"https:\/\/striimaaja.fi\/wp-content\/uploads\/2023\/04\/Mika-on-Discord-ja-kuinka-se-toimii-striimaaja.png\" class=\"attachment-full size-full wp-image-2403\" alt=\"Mik\u00e4 on Discord ja kuinka se toimii, striimaaja\" srcset=\"https:\/\/striimaaja.fi\/wp-content\/uploads\/2023\/04\/Mika-on-Discord-ja-kuinka-se-toimii-striimaaja.png 1024w, https:\/\/striimaaja.fi\/wp-content\/uploads\/2023\/04\/Mika-on-Discord-ja-kuinka-se-toimii-striimaaja-300x300.png 300w, https:\/\/striimaaja.fi\/wp-content\/uploads\/2023\/04\/Mika-on-Discord-ja-kuinka-se-toimii-striimaaja-150x150.png 150w, https:\/\/striimaaja.fi\/wp-content\/uploads\/2023\/04\/Mika-on-Discord-ja-kuinka-se-toimii-striimaaja-768x768.png 768w, https:\/\/striimaaja.fi\/wp-content\/uploads\/2023\/04\/Mika-on-Discord-ja-kuinka-se-toimii-striimaaja-12x12.png 12w, https:\/\/striimaaja.fi\/wp-content\/uploads\/2023\/04\/Mika-on-Discord-ja-kuinka-se-toimii-striimaaja-600x600.png 600w\" sizes=\"(max-width: 1024px) 100vw, 1024px\" \/>\t\t\t\t<\/a>\r\n\t\t\t\t\t\t\t\t\t\t<\/div>\r\n\t\t\t\t\t\t\t\t\t\t\t\t\t<div class=\"premium-blog-effect-container premium-blog-framed-effect\">\r\n\t\t\t\t\t\t\t\t<a class=\"premium-blog-post-link\" href=\"https:\/\/striimaaja.fi\/sv\/blog\/vad-ar-discord-och-hur-det-fungerar\/\" target=\"_blank\"><span>Vad \u00e4r Discord och hur fungerar det?<\/span><\/a>\r\n\t\t\t\t\t\t\t\t\t\t\t\t\t\t\t<\/div>\r\n\t\t\t\t\t\t\t\t\t\t\t<\/div>\r\n\t\t\t\t\t\t\t\t\t\t\t\t<div class=\"premium-blog-content-wrapper\">\r\n\r\n\t\t\t\t\t<div class=\"premium-blog-inner-container\">\r\n\r\n\t\t\t\t\t\t\t\t\t\t\t\t\t\t<h2 class=\"premium-blog-entry-title\">\r\n\t\t\t<a href=\"https:\/\/striimaaja.fi\/sv\/blog\/vad-ar-discord-och-hur-det-fungerar\/\" target=\"_blank\">\r\n\t\t\t\tVad \u00e4r Discord och hur fungerar det?\t\t\t<\/a>\r\n\t\t<\/h2>\r\n\t\t\t\t<div class=\"premium-blog-entry-meta\">\r\n\t\t\t\r\n\t\t\t\r\n\t\t\t\r\n\t\t\t\t\t<\/div>\r\n\t\t\r\n\t\t\t\t\t<\/div>\r\n\r\n\t\t\t\t\t\t\t<div class=\"premium-blob-content-inner-wrapper\">\r\n\t\t<p class=\"premium-blog-post-content\">Vad \u00e4r Discord och hur fungerar det? Discord som community-byggare f\u00f6r streamers Vad \u00e4r Discord och hur fungerar det? Discord \u00e4r en m\u00e5ngsidig kommunikationsapplikation,<\/p><div class=\"premium-blog-excerpt-link-wrap\"><a href=\"https:\/\/striimaaja.fi\/sv\/blog\/vad-ar-discord-och-hur-det-fungerar\/\" target=\"_blank\" class=\"premium-blog-excerpt-link elementor-button\">L\u00e4s mer \u00bb<\/a><\/div>\t\t<\/div>\r\n\t\t\t\t\t\t\t\r\n\t\t\t\t<\/div>\r\n\t\t\t<\/div>\r\n\t\t<\/div>\r\n\r\n\t\t\t\t<div class=\"premium-blog-post-outer-container\" data-total=\"2\">\r\n\t\t\t<div class=\"premium-blog-post-container premium-blog-skin-modern\">\r\n\t\t\t\t\t\t\t\t\t<div class=\"premium-blog-thumb-effect-wrapper\">\r\n\t\t\t\t\t\t<div class=\"premium-blog-thumbnail-container premium-blog-zoomin-effect\">\r\n\t\t\t\t\t\t\t\t\t\t\t<a href=\"https:\/\/striimaaja.fi\/sv\/blog\/3-satt-att-anvanda-twitch-marketing-for-att-fa-ditt-foretag-att-vaxa\/\" target=\"_blank\">\r\n\t\t\t\t<img decoding=\"async\" width=\"1024\" height=\"1024\" src=\"https:\/\/striimaaja.fi\/wp-content\/uploads\/2023\/03\/3-tapaa-markkinoida-Twitchissa.png\" class=\"attachment-full size-full wp-image-2392\" alt=\"3 tapaa kuinka k\u00e4ytt\u00e4\u00e4 Twitch-markkinointia yrityksesi kasvattamiseen\u200b\" srcset=\"https:\/\/striimaaja.fi\/wp-content\/uploads\/2023\/03\/3-tapaa-markkinoida-Twitchissa.png 1024w, https:\/\/striimaaja.fi\/wp-content\/uploads\/2023\/03\/3-tapaa-markkinoida-Twitchissa-300x300.png 300w, https:\/\/striimaaja.fi\/wp-content\/uploads\/2023\/03\/3-tapaa-markkinoida-Twitchissa-150x150.png 150w, https:\/\/striimaaja.fi\/wp-content\/uploads\/2023\/03\/3-tapaa-markkinoida-Twitchissa-768x768.png 768w, https:\/\/striimaaja.fi\/wp-content\/uploads\/2023\/03\/3-tapaa-markkinoida-Twitchissa-12x12.png 12w, https:\/\/striimaaja.fi\/wp-content\/uploads\/2023\/03\/3-tapaa-markkinoida-Twitchissa-600x600.png 600w\" sizes=\"(max-width: 1024px) 100vw, 1024px\" \/>\t\t\t\t<\/a>\r\n\t\t\t\t\t\t\t\t\t\t<\/div>\r\n\t\t\t\t\t\t\t\t\t\t\t\t\t<div class=\"premium-blog-effect-container premium-blog-framed-effect\">\r\n\t\t\t\t\t\t\t\t<a class=\"premium-blog-post-link\" href=\"https:\/\/striimaaja.fi\/sv\/blog\/3-satt-att-anvanda-twitch-marketing-for-att-fa-ditt-foretag-att-vaxa\/\" target=\"_blank\"><span>3 s\u00e4tt att anv\u00e4nda Twitch Marketing f\u00f6r att f\u00e5 ditt f\u00f6retag att v\u00e4xa<\/span><\/a>\r\n\t\t\t\t\t\t\t\t\t\t\t\t\t\t\t<\/div>\r\n\t\t\t\t\t\t\t\t\t\t\t<\/div>\r\n\t\t\t\t\t\t\t\t\t\t\t\t<div class=\"premium-blog-content-wrapper\">\r\n\r\n\t\t\t\t\t<div class=\"premium-blog-inner-container\">\r\n\r\n\t\t\t\t\t\t\t\t\t\t\t\t\t\t<h2 class=\"premium-blog-entry-title\">\r\n\t\t\t<a href=\"https:\/\/striimaaja.fi\/sv\/blog\/3-satt-att-anvanda-twitch-marketing-for-att-fa-ditt-foretag-att-vaxa\/\" target=\"_blank\">\r\n\t\t\t\t3 s\u00e4tt att anv\u00e4nda Twitch Marketing f\u00f6r att f\u00e5 ditt f\u00f6retag att v\u00e4xa\t\t\t<\/a>\r\n\t\t<\/h2>\r\n\t\t\t\t<div class=\"premium-blog-entry-meta\">\r\n\t\t\t\r\n\t\t\t\r\n\t\t\t\r\n\t\t\t\t\t<\/div>\r\n\t\t\r\n\t\t\t\t\t<\/div>\r\n\r\n\t\t\t\t\t\t\t<div class=\"premium-blob-content-inner-wrapper\">\r\n\t\t<p class=\"premium-blog-post-content\">3 tapaa kuinka k\u00e4ytt\u00e4\u00e4 Twitch-markkinointia yrityksesi kasvattamiseen Ota kaikki irti Twitch-markkinoinnista Artikkelissa kerron 3 tapaa kuinka k\u00e4ytt\u00e4\u00e4 Twitch-markkinointia yrityksesi kasvattamiseen eri tavoilla.<\/p><div class=\"premium-blog-excerpt-link-wrap\"><a href=\"https:\/\/striimaaja.fi\/sv\/blog\/3-satt-att-anvanda-twitch-marketing-for-att-fa-ditt-foretag-att-vaxa\/\" target=\"_blank\" class=\"premium-blog-excerpt-link elementor-button\">L\u00e4s mer \u00bb<\/a><\/div>\t\t<\/div>\r\n\t\t\t\t\t\t\t\r\n\t\t\t\t<\/div>\r\n\t\t\t<\/div>\r\n\t\t<\/div>\r\n\r\n\t\t\t\t<div class=\"premium-blog-post-outer-container\" data-total=\"2\">\r\n\t\t\t<div class=\"premium-blog-post-container premium-blog-skin-modern\">\r\n\t\t\t\t\t\t\t\t\t<div class=\"premium-blog-thumb-effect-wrapper\">\r\n\t\t\t\t\t\t<div class=\"premium-blog-thumbnail-container premium-blog-zoomin-effect\">\r\n\t\t\t\t\t\t\t\t\t\t\t<a href=\"https:\/\/striimaaja.fi\/sv\/blog\/marknadsforingsexempel-riksdagsval-2023-i-finland\/\" target=\"_blank\">\r\n\t\t\t\t<img decoding=\"async\" width=\"1280\" height=\"720\" src=\"https:\/\/striimaaja.fi\/wp-content\/uploads\/2023\/03\/Ville-Valkonen-ja-Juuso-Jokinen-striimaaja-pieni.png\" class=\"attachment-full size-full wp-image-2338\" alt=\"Ville Valkonen ja Juuso Jokinen striimaaja\" srcset=\"https:\/\/striimaaja.fi\/wp-content\/uploads\/2023\/03\/Ville-Valkonen-ja-Juuso-Jokinen-striimaaja-pieni.png 1280w, https:\/\/striimaaja.fi\/wp-content\/uploads\/2023\/03\/Ville-Valkonen-ja-Juuso-Jokinen-striimaaja-pieni-300x169.png 300w, https:\/\/striimaaja.fi\/wp-content\/uploads\/2023\/03\/Ville-Valkonen-ja-Juuso-Jokinen-striimaaja-pieni-1024x576.png 1024w, https:\/\/striimaaja.fi\/wp-content\/uploads\/2023\/03\/Ville-Valkonen-ja-Juuso-Jokinen-striimaaja-pieni-768x432.png 768w, https:\/\/striimaaja.fi\/wp-content\/uploads\/2023\/03\/Ville-Valkonen-ja-Juuso-Jokinen-striimaaja-pieni-18x10.png 18w, https:\/\/striimaaja.fi\/wp-content\/uploads\/2023\/03\/Ville-Valkonen-ja-Juuso-Jokinen-striimaaja-pieni-800x450.png 800w\" sizes=\"(max-width: 1280px) 100vw, 1280px\" \/>\t\t\t\t<\/a>\r\n\t\t\t\t\t\t\t\t\t\t<\/div>\r\n\t\t\t\t\t\t\t\t\t\t\t\t\t<div class=\"premium-blog-effect-container premium-blog-framed-effect\">\r\n\t\t\t\t\t\t\t\t<a class=\"premium-blog-post-link\" href=\"https:\/\/striimaaja.fi\/sv\/blog\/marknadsforingsexempel-riksdagsval-2023-i-finland\/\" target=\"_blank\"><span>Markkinointiesimerkki: Eduskuntavaalit 2023 somemarkkinointi<\/span><\/a>\r\n\t\t\t\t\t\t\t\t\t\t\t\t\t\t\t<\/div>\r\n\t\t\t\t\t\t\t\t\t\t\t<\/div>\r\n\t\t\t\t\t\t\t\t\t\t\t\t<div class=\"premium-blog-content-wrapper\">\r\n\r\n\t\t\t\t\t<div class=\"premium-blog-inner-container\">\r\n\r\n\t\t\t\t\t\t\t\t\t\t\t\t\t\t<h2 class=\"premium-blog-entry-title\">\r\n\t\t\t<a href=\"https:\/\/striimaaja.fi\/sv\/blog\/marknadsforingsexempel-riksdagsval-2023-i-finland\/\" target=\"_blank\">\r\n\t\t\t\tMarkkinointiesimerkki: Eduskuntavaalit 2023 somemarkkinointi\t\t\t<\/a>\r\n\t\t<\/h2>\r\n\t\t\t\t<div class=\"premium-blog-entry-meta\">\r\n\t\t\t\r\n\t\t\t\r\n\t\t\t\r\n\t\t\t\t\t<\/div>\r\n\t\t\r\n\t\t\t\t\t<\/div>\r\n\r\n\t\t\t\t\t\t\t<div class=\"premium-blob-content-inner-wrapper\">\r\n\t\t<p class=\"premium-blog-post-content\">Markkinointiesimerkki: Eduskuntavaalit 2023 somemarkkinointi Avuksi muiden luomat kanavat Kuva: vasemmalla kansanedustaja Ville Valkonen. Oikealla striimaaja Juuso &#8220;TurunPug&#8221; Jokinen Markkinointiesimerkki: Eduskuntavaalit 2023 somemarkkinointi.<\/p><div class=\"premium-blog-excerpt-link-wrap\"><a href=\"https:\/\/striimaaja.fi\/sv\/blog\/marknadsforingsexempel-riksdagsval-2023-i-finland\/\" target=\"_blank\" class=\"premium-blog-excerpt-link elementor-button\">L\u00e4s mer \u00bb<\/a><\/div>\t\t<\/div>\r\n\t\t\t\t\t\t\t\r\n\t\t\t\t<\/div>\r\n\t\t\t<\/div>\r\n\t\t<\/div>\r\n\r\n\t\t\t\t<div class=\"premium-blog-post-outer-container\" data-total=\"2\">\r\n\t\t\t<div class=\"premium-blog-post-container premium-blog-skin-modern\">\r\n\t\t\t\t\t\t\t\t\t<div class=\"premium-blog-thumb-effect-wrapper\">\r\n\t\t\t\t\t\t<div class=\"premium-blog-thumbnail-container premium-blog-zoomin-effect\">\r\n\t\t\t\t\t\t\t\t\t\t\t<a href=\"https:\/\/striimaaja.fi\/sv\/blog\/morgondagens-marknadsforing-pa-twitch-uppkomsten-av-en-ny-marknadsforingsplattform\/\" target=\"_blank\">\r\n\t\t\t\t<img loading=\"lazy\" decoding=\"async\" width=\"1024\" height=\"1024\" src=\"https:\/\/striimaaja.fi\/wp-content\/uploads\/2023\/02\/Huomisen-markkinointi-Uuden-alustan-nousu-Twitch-t.png\" class=\"attachment-full size-full wp-image-2250\" alt=\"Morgondagens marknadsf\u00f6ring - Framv\u00e4xten av en ny plattform Twitch t\" srcset=\"https:\/\/striimaaja.fi\/wp-content\/uploads\/2023\/02\/Huomisen-markkinointi-Uuden-alustan-nousu-Twitch-t.png 1024w, https:\/\/striimaaja.fi\/wp-content\/uploads\/2023\/02\/Huomisen-markkinointi-Uuden-alustan-nousu-Twitch-t-300x300.png 300w, https:\/\/striimaaja.fi\/wp-content\/uploads\/2023\/02\/Huomisen-markkinointi-Uuden-alustan-nousu-Twitch-t-150x150.png 150w, https:\/\/striimaaja.fi\/wp-content\/uploads\/2023\/02\/Huomisen-markkinointi-Uuden-alustan-nousu-Twitch-t-768x768.png 768w, https:\/\/striimaaja.fi\/wp-content\/uploads\/2023\/02\/Huomisen-markkinointi-Uuden-alustan-nousu-Twitch-t-12x12.png 12w, https:\/\/striimaaja.fi\/wp-content\/uploads\/2023\/02\/Huomisen-markkinointi-Uuden-alustan-nousu-Twitch-t-600x600.png 600w\" sizes=\"(max-width: 1024px) 100vw, 1024px\" \/>\t\t\t\t<\/a>\r\n\t\t\t\t\t\t\t\t\t\t<\/div>\r\n\t\t\t\t\t\t\t\t\t\t\t\t\t<div class=\"premium-blog-effect-container premium-blog-framed-effect\">\r\n\t\t\t\t\t\t\t\t<a class=\"premium-blog-post-link\" href=\"https:\/\/striimaaja.fi\/sv\/blog\/morgondagens-marknadsforing-pa-twitch-uppkomsten-av-en-ny-marknadsforingsplattform\/\" target=\"_blank\"><span>Morgondagens marknadsf\u00f6ring - Framv\u00e4xten av en ny plattform<\/span><\/a>\r\n\t\t\t\t\t\t\t\t\t\t\t\t\t\t\t<\/div>\r\n\t\t\t\t\t\t\t\t\t\t\t<\/div>\r\n\t\t\t\t\t\t\t\t\t\t\t\t<div class=\"premium-blog-content-wrapper\">\r\n\r\n\t\t\t\t\t<div class=\"premium-blog-inner-container\">\r\n\r\n\t\t\t\t\t\t\t\t\t\t\t\t\t\t<h2 class=\"premium-blog-entry-title\">\r\n\t\t\t<a href=\"https:\/\/striimaaja.fi\/sv\/blog\/morgondagens-marknadsforing-pa-twitch-uppkomsten-av-en-ny-marknadsforingsplattform\/\" target=\"_blank\">\r\n\t\t\t\tMorgondagens marknadsf\u00f6ring - Framv\u00e4xten av en ny plattform\t\t\t<\/a>\r\n\t\t<\/h2>\r\n\t\t\t\t<div class=\"premium-blog-entry-meta\">\r\n\t\t\t\r\n\t\t\t\r\n\t\t\t\r\n\t\t\t\t\t<\/div>\r\n\t\t\r\n\t\t\t\t\t<\/div>\r\n\r\n\t\t\t\t\t\t\t<div class=\"premium-blob-content-inner-wrapper\">\r\n\t\t<p class=\"premium-blog-post-content\">Morgondagens marknadsf\u00f6ring p\u00e5 Twitch - The Rise of a New Marketing Platform Twitch vs. Youtube och TikTok The Changing Landscape Morgondagens marknadsf\u00f6ring p\u00e5 Twitch - The Rise of a New Marketing Platform. De traditionella<\/p><div class=\"premium-blog-excerpt-link-wrap\"><a href=\"https:\/\/striimaaja.fi\/sv\/blog\/morgondagens-marknadsforing-pa-twitch-uppkomsten-av-en-ny-marknadsforingsplattform\/\" target=\"_blank\" class=\"premium-blog-excerpt-link elementor-button\">L\u00e4s mer \u00bb<\/a><\/div>\t\t<\/div>\r\n\t\t\t\t\t\t\t\r\n\t\t\t\t<\/div>\r\n\t\t\t<\/div>\r\n\t\t<\/div>\r\n\r\n\t\t\t\t<\/div>\r\n\r\n\t\t\t\t<div class=\"premium-blog-footer\">\r\n\t\t\t\t\t\t<nav class=\"premium-blog-pagination-container\" role=\"navigation\" aria-label=\"Sidindelning\">\r\n\t\t\t\t<span aria-current=\"page\" class=\"page-numbers current\">1<\/span>\n<a class=\"page-numbers\" href=\"https:\/\/striimaaja.fi\/sv\/wp-json\/wp\/v2\/pages\/13\/page\/2\/\">2<\/a>\n<a class=\"next page-numbers\" href=\"https:\/\/striimaaja.fi\/sv\/wp-json\/wp\/v2\/pages\/13\/page\/2\/\">Next \u00bb<\/a>\t\t\t<\/nav>\r\n\t\t\t\t\t<\/div>\r\n\t\t\t\t\t<\/div>\n\t\t\t\t<\/div>\n\t\t\t\t\t<\/div>\n\t\t<\/div>\n\t\t\t\t\t<\/div>\n\t\t<\/section>\n\t\t\t\t<\/div>","protected":false},"excerpt":{"rendered":"<p>Sis\u00e4lt\u00f6markkinointia ja sis\u00e4ll\u00f6ntuotantoa Striimaajan blogi siit\u00e4 miten sin\u00e4 onnistut Twitchin sis\u00e4lt\u00f6markkinoinnissa Sis\u00e4lt\u00f6markkinointia ja sis\u00e4ll\u00f6ntuotantoa Striimaajan blogi siit\u00e4 miten sin\u00e4 onnistut Twitchin sis\u00e4lt\u00f6markkinoinnissa Testing it Twitch on kasvanut Suomessa ohi TikTokin ja Twitterin Twitch on some-markkinoinnin vaiettu suorittaja Testing to IT only Maailman suosituin pelaajien suoratoistopalvelu jatkaa Lue lis\u00e4\u00e4 \u00bb Twitch on kasvanut Suomessa ohi TikTokin [&hellip;]<\/p>","protected":false},"author":1,"featured_media":110,"parent":0,"menu_order":99,"comment_status":"closed","ping_status":"closed","template":"","meta":{"om_disable_all_campaigns":false,"_monsterinsights_skip_tracking":false,"_monsterinsights_sitenote_active":false,"_monsterinsights_sitenote_note":"","_monsterinsights_sitenote_category":0,"footnotes":""},"class_list":["post-13","page","type-page","status-publish","has-post-thumbnail","hentry","entry","has-media"],"aioseo_notices":[],"_links":{"self":[{"href":"https:\/\/striimaaja.fi\/sv\/wp-json\/wp\/v2\/pages\/13"}],"collection":[{"href":"https:\/\/striimaaja.fi\/sv\/wp-json\/wp\/v2\/pages"}],"about":[{"href":"https:\/\/striimaaja.fi\/sv\/wp-json\/wp\/v2\/types\/page"}],"author":[{"embeddable":true,"href":"https:\/\/striimaaja.fi\/sv\/wp-json\/wp\/v2\/users\/1"}],"replies":[{"embeddable":true,"href":"https:\/\/striimaaja.fi\/sv\/wp-json\/wp\/v2\/comments?post=13"}],"version-history":[{"count":46,"href":"https:\/\/striimaaja.fi\/sv\/wp-json\/wp\/v2\/pages\/13\/revisions"}],"predecessor-version":[{"id":2290,"href":"https:\/\/striimaaja.fi\/sv\/wp-json\/wp\/v2\/pages\/13\/revisions\/2290"}],"wp:featuredmedia":[{"embeddable":true,"href":"https:\/\/striimaaja.fi\/sv\/wp-json\/wp\/v2\/media\/110"}],"wp:attachment":[{"href":"https:\/\/striimaaja.fi\/sv\/wp-json\/wp\/v2\/media?parent=13"}],"curies":[{"name":"wp","href":"https:\/\/api.w.org\/{rel}","templated":true}]}}