{"id":89,"date":"2022-11-29T17:48:10","date_gmt":"2022-11-29T17:48:10","guid":{"rendered":"https:\/\/striimaaja.fi\/?page_id=89"},"modified":"2023-04-19T06:35:15","modified_gmt":"2023-04-19T06:35:15","slug":"striimaajille","status":"publish","type":"page","link":"https:\/\/striimaaja.fi\/en\/for-streamers\/","title":{"rendered":"Collaboration between a streamer and a social media influencer"},"content":{"rendered":"<div data-elementor-type=\"wp-page\" data-elementor-id=\"89\" class=\"elementor elementor-89\">\n\t\t\t\t\t\t<section class=\"elementor-section elementor-top-section elementor-element elementor-element-4413ec82 elementor-section-full_width elementor-section-height-min-height elementor-section-height-default elementor-section-items-middle wpr-particle-no wpr-jarallax-no wpr-parallax-no wpr-sticky-section-no\" data-id=\"4413ec82\" data-element_type=\"section\" data-settings=\"{&quot;background_background&quot;:&quot;classic&quot;,&quot;shape_divider_bottom&quot;:&quot;opacity-fan&quot;}\">\n\t\t\t\t\t\t\t<div class=\"elementor-background-overlay\"><\/div>\n\t\t\t\t\t\t<div class=\"elementor-shape elementor-shape-bottom\" data-negative=\"false\">\n\t\t\t<svg xmlns=\"http:\/\/www.w3.org\/2000\/svg\" viewbox=\"0 0 283.5 19.6\" preserveaspectratio=\"none\">\n\t<path class=\"elementor-shape-fill\" style=\"opacity:0.33\" d=\"M0 0L0 18.8 141.8 4.1 283.5 18.8 283.5 0z\"\/>\n\t<path class=\"elementor-shape-fill\" style=\"opacity:0.33\" d=\"M0 0L0 12.6 141.8 4 283.5 12.6 283.5 0z\"\/>\n\t<path class=\"elementor-shape-fill\" style=\"opacity:0.33\" d=\"M0 0L0 6.4 141.8 4 283.5 6.4 283.5 0z\"\/>\n\t<path class=\"elementor-shape-fill\" d=\"M0 0L0 1.2 141.8 4 283.5 1.2 283.5 0z\"\/>\n<\/svg>\t\t<\/div>\n\t\t\t\t\t<div class=\"elementor-container elementor-column-gap-default\">\n\t\t\t\t\t<div class=\"elementor-column elementor-col-100 elementor-top-column elementor-element elementor-element-306c1b11\" data-id=\"306c1b11\" data-element_type=\"column\">\n\t\t\t<div class=\"elementor-widget-wrap elementor-element-populated\">\n\t\t\t\t\t\t<div class=\"elementor-element elementor-element-6b597e15 elementor-widget elementor-widget-heading\" data-id=\"6b597e15\" data-element_type=\"widget\" data-widget_type=\"heading.default\">\n\t\t\t\t<div class=\"elementor-widget-container\">\n\t\t\t<style>\/*! elementor - v3.21.0 - 15-04-2024 *\/\n.elementor-heading-title{padding:0;margin:0;line-height:1}.elementor-widget-heading .elementor-heading-title[class*=elementor-size-]>a{color:inherit;font-size:inherit;line-height:inherit}.elementor-widget-heading .elementor-heading-title.elementor-size-small{font-size:15px}.elementor-widget-heading .elementor-heading-title.elementor-size-medium{font-size:19px}.elementor-widget-heading .elementor-heading-title.elementor-size-large{font-size:29px}.elementor-widget-heading .elementor-heading-title.elementor-size-xl{font-size:39px}.elementor-widget-heading .elementor-heading-title.elementor-size-xxl{font-size:59px}<\/style><h1 class=\"elementor-heading-title elementor-size-default\">Collaborations for streamers<\/h1>\t\t<\/div>\n\t\t\t\t<\/div>\n\t\t\t\t<div class=\"elementor-element elementor-element-5dc3a8c4 elementor-widget elementor-widget-heading\" data-id=\"5dc3a8c4\" data-element_type=\"widget\" data-widget_type=\"heading.default\">\n\t\t\t\t<div class=\"elementor-widget-container\">\n\t\t\t<h2 class=\"elementor-heading-title elementor-size-xl\">Additional services for the streamer, transparently and fairly implemented<\/h2>\t\t<\/div>\n\t\t\t\t<\/div>\n\t\t\t\t\t<\/div>\n\t\t<\/div>\n\t\t\t\t\t<\/div>\n\t\t<\/section>\n\t\t\t\t<section class=\"elementor-section elementor-top-section elementor-element elementor-element-e655699 elementor-section-boxed elementor-section-height-default elementor-section-height-default wpr-particle-no wpr-jarallax-no wpr-parallax-no wpr-sticky-section-no\" data-id=\"e655699\" data-element_type=\"section\">\n\t\t\t\t\t\t<div class=\"elementor-container elementor-column-gap-default\">\n\t\t\t\t\t<div class=\"elementor-column elementor-col-100 elementor-top-column elementor-element elementor-element-4c97646\" data-id=\"4c97646\" data-element_type=\"column\">\n\t\t\t<div class=\"elementor-widget-wrap elementor-element-populated\">\n\t\t\t\t\t\t<div class=\"elementor-element elementor-element-da7c487 elementor-widget elementor-widget-text-editor\" data-id=\"da7c487\" data-element_type=\"widget\" data-widget_type=\"text-editor.default\">\n\t\t\t\t<div class=\"elementor-widget-container\">\n\t\t\t<style>\/*! elementor - v3.21.0 - 15-04-2024 *\/\n.elementor-widget-text-editor.elementor-drop-cap-view-stacked .elementor-drop-cap{background-color:#69727d;color:#fff}.elementor-widget-text-editor.elementor-drop-cap-view-framed .elementor-drop-cap{color:#69727d;border:3px solid;background-color:transparent}.elementor-widget-text-editor:not(.elementor-drop-cap-view-default) .elementor-drop-cap{margin-top:8px}.elementor-widget-text-editor:not(.elementor-drop-cap-view-default) .elementor-drop-cap-letter{width:1em;height:1em}.elementor-widget-text-editor .elementor-drop-cap{float:left;text-align:center;line-height:1;font-size:50px}.elementor-widget-text-editor .elementor-drop-cap-letter{display:inline-block}<\/style>\t\t\t\t<p><!-- wp:heading --><\/p>\n<p><!-- \/wp:heading --><!-- wp:paragraph {\"align\":\"left\"} --><\/p>\n<p><strong>Hey streamer!<\/strong> Have you grown your own channel <b>to an average of over 75 viewers<\/b> per broadcast? Do you want to get joint work? Do you want to get additional services? Good! We are constantly looking for more interesting talents to join us through an open search.<\/p>\n<p><!-- \/wp:paragraph --><!-- wp:html --><\/p>\t\t\t\t\t\t<\/div>\n\t\t\t\t<\/div>\n\t\t\t\t<div class=\"elementor-element elementor-element-e2af1b9 elementor-widget elementor-widget-heading\" data-id=\"e2af1b9\" data-element_type=\"widget\" data-widget_type=\"heading.default\">\n\t\t\t\t<div class=\"elementor-widget-container\">\n\t\t\t<h3 class=\"elementor-heading-title elementor-size-default\">What is it about?<\/h3>\t\t<\/div>\n\t\t\t\t<\/div>\n\t\t\t\t<div class=\"elementor-element elementor-element-2a7fe1a elementor-widget elementor-widget-text-editor\" data-id=\"2a7fe1a\" data-element_type=\"widget\" data-widget_type=\"text-editor.default\">\n\t\t\t\t<div class=\"elementor-widget-container\">\n\t\t\t\t\t\t\t<p>You don't have to be a gaming streamer, we are looking for all kinds of content producers in a versatile way. You can be an independent streamer, part of a team or a team. You get to choose in which collaboration to partake, and each one collaboration has its own separate agreement. Our streamers can do the work either by invoicing through a company or light entrepreneurship, we also include bank transfer and PayPal, or we can pay with a tax card - whatever you want. You can also take joint work from others, i.e. we do not push exclusivity-related agreements with our collaborating talents.<\/p>\t\t\t\t\t\t<\/div>\n\t\t\t\t<\/div>\n\t\t\t\t<div class=\"elementor-element elementor-element-68acc64 elementor-widget elementor-widget-heading\" data-id=\"68acc64\" data-element_type=\"widget\" data-widget_type=\"heading.default\">\n\t\t\t\t<div class=\"elementor-widget-container\">\n\t\t\t<h3 class=\"elementor-heading-title elementor-size-default\">Collaborations with brands<\/h3>\t\t<\/div>\n\t\t\t\t<\/div>\n\t\t\t\t<div class=\"elementor-element elementor-element-3e2bb48 elementor-widget elementor-widget-text-editor\" data-id=\"3e2bb48\" data-element_type=\"widget\" data-widget_type=\"text-editor.default\">\n\t\t\t\t<div class=\"elementor-widget-container\">\n\t\t\t\t\t\t\t<p>Once we have found a brand that is interested, we suggest streamers that we think are suitable for the task. After that, we'll ask if you're available to collaborate, and if the plan suits both parties, we'll start building the campaign. You get to influence what kind of content is created so that it is delivered with your own voice. However, we are there to support you throughout the whole process. Typically, the campaign lasts 2-4 weeks, after which we ask for a data portraying how it went. This also includes viewer reporting. We have cooperated with respected brands, e.g. with Valo, Cutters, Sotka, and Swappies. You can read more about these in our stories at our <a href=\"https:\/\/striimaaja.fi\/en\/customer-experiences\/\">Customer experiences<\/a> -page. Enjoy the read! :)<\/p>\t\t\t\t\t\t<\/div>\n\t\t\t\t<\/div>\n\t\t\t\t\t<\/div>\n\t\t<\/div>\n\t\t\t\t\t<\/div>\n\t\t<\/section>\n\t\t<div class=\"elementor-element elementor-element-5a64a07 e-flex e-con-boxed wpr-particle-no wpr-jarallax-no wpr-parallax-no wpr-sticky-section-no e-con e-parent\" data-id=\"5a64a07\" data-element_type=\"container\">\n\t\t\t\t\t<div class=\"e-con-inner\">\n\t\t<div class=\"elementor-element elementor-element-759799b e-con-full e-flex wpr-particle-no wpr-jarallax-no wpr-parallax-no wpr-sticky-section-no e-con e-parent\" data-id=\"759799b\" data-element_type=\"container\">\n\t\t\t\t<\/div>\n\t\t<div class=\"elementor-element elementor-element-bd97e45 e-con-full e-flex wpr-particle-no wpr-jarallax-no wpr-parallax-no wpr-sticky-section-no e-con e-parent\" data-id=\"bd97e45\" data-element_type=\"container\">\n\t\t\t\t<\/div>\n\t\t\t\t\t<\/div>\n\t\t\t\t<\/div>\n\t\t\t\t<section class=\"elementor-section elementor-top-section elementor-element elementor-element-4a303059 elementor-section-boxed elementor-section-height-default elementor-section-height-default wpr-particle-no wpr-jarallax-no wpr-parallax-no wpr-sticky-section-no\" data-id=\"4a303059\" data-element_type=\"section\">\n\t\t\t\t\t\t<div class=\"elementor-container elementor-column-gap-default\">\n\t\t\t\t\t<div class=\"elementor-column elementor-col-100 elementor-top-column elementor-element elementor-element-6b1c13cd\" data-id=\"6b1c13cd\" data-element_type=\"column\">\n\t\t\t<div class=\"elementor-widget-wrap elementor-element-populated\">\n\t\t\t\t\t\t<div class=\"elementor-element elementor-element-3e04039 elementor-widget elementor-widget-heading\" data-id=\"3e04039\" data-element_type=\"widget\" data-widget_type=\"heading.default\">\n\t\t\t\t<div class=\"elementor-widget-container\">\n\t\t\t<h3 class=\"elementor-heading-title elementor-size-default\">See what other streamers are saying about their collaboration with us<\/h3>\t\t<\/div>\n\t\t\t\t<\/div>\n\t\t\t\t<div class=\"elementor-element elementor-element-dfdcde1 wpr-testimonial-slider-columns-2 wpr-testimonial-slider-columns--tablet2 wpr-testimonial-slider-columns--mobile1 wpr-testimonial-rating-style_2 wpr-testimonial-triangle-yes wpr-testimonial-meta-position-bottom wpr-testimonial-meta-align-center wpr-testimonial-image-position-center elementor-widget elementor-widget-wpr-testimonial\" data-id=\"dfdcde1\" data-element_type=\"widget\" data-settings=\"{&quot;testimonial_amount&quot;:2,&quot;testimonial_amount_tablet&quot;:2,&quot;testimonial_amount_mobile&quot;:1,&quot;testimonial_slides_to_scroll&quot;:2,&quot;testimonial_loop&quot;:&quot;yes&quot;}\" data-widget_type=\"wpr-testimonial.default\">\n\t\t\t\t<div class=\"elementor-widget-container\">\n\t\t\t\t\t<div class=\"wpr-testimonial-carousel-wrap\">\n\t\t\t\n\t\t\t<div class=\"wpr-testimonial-carousel\" dir=\"ltr\" data-slick=\"{&quot;rtl&quot;:false,&quot;infinite&quot;:true,&quot;speed&quot;:700,&quot;arrows&quot;:true,&quot;dots&quot;:true,&quot;autoplay&quot;:false,&quot;autoplaySpeed&quot;:0,&quot;pauseOnHover&quot;:&quot;&quot;,&quot;prevArrow&quot;:&quot;#wpr-testimonial-prev-dfdcde1&quot;,&quot;nextArrow&quot;:&quot;#wpr-testimonial-next-dfdcde1&quot;,&quot;sliderSlidesToScroll&quot;:2}\" data-slide-effect=\"slide\">\n\t\t\t\t\t\n\t\t\t\t\t\n\t\t\t\t\t\t\t\t\t\t\t\n\t\t\t\t\t\t<div class=\"wpr-testimonial-item elementor-repeater-item-4a5bfef elementor-clearfix\">\n\t\t\t\t\t\t\t\n\t\t\t\t\t\t\t<div class=\"wpr-testimonial-meta elementor-clearfix\">\n\t\t\t\t\t\t\t\t<div class=\"wpr-testimonial-meta-inner\">\n\t\t\t\t\t\t\t\t\n\t\t\t\t\t<div class=\"wpr-testimonial-image\">\n\t\t\t\t<img decoding=\"async\" src=\"https:\/\/striimaaja.fi\/wp-content\/uploads\/2023\/01\/aippa-striimaaja.png\" alt=\"Aippa\">\n\t\t\t<\/div>\n\t\t\n\t\t\t\n\t\t<div class=\"wpr-testimonial-meta-content-wrap\">\n\t\t\t\t\t\t\t<div class=\"wpr-testimonial-name\">Aippa<\/div>\n\t\t\t\n\t\t\t\t\t\t\t<div class=\"wpr-testimonial-job\">Streamer<\/div>\n\t\t\t\n\t\t\t\n\t\t<\/div>\n\t\t\t\t\t\t\t\t\t\t<\/div>\n\t\t\t\t\t\t\t<\/div>\n\n\t\t\t\t\t\t\t\n\t\t<div class=\"wpr-testimonial-content-wrap\">\n\t\t\t<div class=\"wpr-testimonial-content-inner\">\n\t\t\t\t\t\t\t<div class=\"wpr-testimonial-icon\">\n\t\t\t\t\t<i class=\"fas fa-quote-right\"><\/i>\t\t\t\t<\/div>\n\t\t\t\n\t\t\t\n\t\t\t\t\t\t\t\t\t\t\n\t\t\t\t\t\t\t<div class=\"wpr-testimonial-content\">\n\t\t\t\t\t\n\t\t\t\t\t<p><p>I've been doing business with strimaaja.fi for almost a year, and I've been very satisfied! Everyone is really knowledgeable and helpful, and communication works. I can't help but recommend it!<br \/><br \/><a href=\"https:\/\/www.twitch.tv\/aippa\" target=\"_blank\" rel=\"noopener\">Aippa's channel here.<\/a><\/p><\/p>\n\t\t\t\t<\/div>\n\t\t\t\n\t\t\t\n\t\t\t\t\t\t<\/div>\n\t\t<\/div>\n\n\t    \n\t\t\t\t\t\t\t\n\t\t\t\t\t\t<\/div>\n\t\t\t\t\t\t\n\t\t\t\t\t\t\t\t\t\t\t\n\t\t\t\t\t\t<div class=\"wpr-testimonial-item elementor-repeater-item-70048fc elementor-clearfix\">\n\t\t\t\t\t\t\t\n\t\t\t\t\t\t\t<div class=\"wpr-testimonial-meta elementor-clearfix\">\n\t\t\t\t\t\t\t\t<div class=\"wpr-testimonial-meta-inner\">\n\t\t\t\t\t\t\t\t\n\t\t\t\t\t<div class=\"wpr-testimonial-image\">\n\t\t\t\t<img decoding=\"async\" src=\"https:\/\/striimaaja.fi\/wp-content\/uploads\/2023\/01\/vimma-striimaaja.png\" alt=\"Vimma\">\n\t\t\t<\/div>\n\t\t\n\t\t\t\n\t\t<div class=\"wpr-testimonial-meta-content-wrap\">\n\t\t\t\t\t\t\t<div class=\"wpr-testimonial-name\">Vimma<\/div>\n\t\t\t\n\t\t\t\t\t\t\t<div class=\"wpr-testimonial-job\">Streamer-couple<\/div>\n\t\t\t\n\t\t\t\n\t\t<\/div>\n\t\t\t\t\t\t\t\t\t\t<\/div>\n\t\t\t\t\t\t\t<\/div>\n\n\t\t\t\t\t\t\t\n\t\t<div class=\"wpr-testimonial-content-wrap\">\n\t\t\t<div class=\"wpr-testimonial-content-inner\">\n\t\t\t\t\t\t\t<div class=\"wpr-testimonial-icon\">\n\t\t\t\t\t<i class=\"fas fa-quote-right\"><\/i>\t\t\t\t<\/div>\n\t\t\t\n\t\t\t\n\t\t\t\t\t\t\t\t\t\t\n\t\t\t\t\t\t\t<div class=\"wpr-testimonial-content\">\n\t\t\t\t\t\n\t\t\t\t\t<p><p>Effortless, efficient and reliable. It makes it a lot easier having Grail handling things and you can focus on your own work.<br \/><br \/><a href=\"https:\/\/www.twitch.tv\/vimma\" target=\"_blank\" rel=\"noopener\">Vimma's channel here.<\/a><\/p><\/p>\n\t\t\t\t<\/div>\n\t\t\t\n\t\t\t\n\t\t\t\t\t\t<\/div>\n\t\t<\/div>\n\n\t    \n\t\t\t\t\t\t\t\n\t\t\t\t\t\t<\/div>\n\t\t\t\t\t\t\t\t\t<\/div>\n\n\t\t\t<div class=\"wpr-testimonial-controls\">\n\t\t\t\t<div class=\"wpr-testimonial-dots\"><\/div>\n\t\t\t<\/div>\n\n\t\t\t<div class=\"wpr-testimonial-arrow-container\">\n\t\t\t\t<div class=\"wpr-testimonial-prev-arrow wpr-testimonial-arrow\" id=\"wpr-testimonial-prev-dfdcde1\">\n\t\t\t\t\t<svg version=\"1.1\" xmlns=\"http:\/\/www.w3.org\/2000\/svg\" xmlns:xlink=\"http:\/\/www.w3.org\/1999\/xlink\" x=\"0px\" y=\"0px\" viewbox=\"0 0 283.4 512\" style=\"enable-background:new 0 0 283.4 512;\" xml:space=\"preserve\"><g><polygon class=\"st0\" points=\"54.5,256.3 283.4,485.1 256.1,512.5 0,256.3 0,256.3 27.2,229 256.1,0 283.4,27.4 \"\/><\/g><\/svg>\t\t\t\t<\/div>\n\t\t\t\t<div class=\"wpr-testimonial-next-arrow wpr-testimonial-arrow\" id=\"wpr-testimonial-next-dfdcde1\">\n\t\t\t\t\t<svg version=\"1.1\" xmlns=\"http:\/\/www.w3.org\/2000\/svg\" xmlns:xlink=\"http:\/\/www.w3.org\/1999\/xlink\" x=\"0px\" y=\"0px\" viewbox=\"0 0 283.4 512\" style=\"enable-background:new 0 0 283.4 512;\" xml:space=\"preserve\"><g><polygon class=\"st0\" points=\"54.5,256.3 283.4,485.1 256.1,512.5 0,256.3 0,256.3 27.2,229 256.1,0 283.4,27.4 \"\/><\/g><\/svg>\t\t\t\t<\/div>\n\t\t\t<\/div>\n\t\t<\/div>\n\n\t\t\t<\/div>\n\t\t\t\t<\/div>\n\t\t\t\t\t<\/div>\n\t\t<\/div>\n\t\t\t\t\t<\/div>\n\t\t<\/section>\n\t\t\t\t<section class=\"elementor-section elementor-top-section elementor-element elementor-element-2666f45 elementor-section-boxed elementor-section-height-default elementor-section-height-default wpr-particle-no wpr-jarallax-no wpr-parallax-no wpr-sticky-section-no\" data-id=\"2666f45\" data-element_type=\"section\">\n\t\t\t\t\t\t<div class=\"elementor-container elementor-column-gap-default\">\n\t\t\t\t\t<div class=\"elementor-column elementor-col-100 elementor-top-column elementor-element elementor-element-2073b3d\" data-id=\"2073b3d\" data-element_type=\"column\">\n\t\t\t<div class=\"elementor-widget-wrap elementor-element-populated\">\n\t\t\t\t\t\t<div class=\"elementor-element elementor-element-fe250a7 elementor-widget elementor-widget-heading\" data-id=\"fe250a7\" data-element_type=\"widget\" data-widget_type=\"heading.default\">\n\t\t\t\t<div class=\"elementor-widget-container\">\n\t\t\t<h3 class=\"elementor-heading-title elementor-size-default\">Streamer Survey<\/h3>\t\t<\/div>\n\t\t\t\t<\/div>\n\t\t\t\t<div class=\"elementor-element elementor-element-018cca5 elementor-widget elementor-widget-text-editor\" data-id=\"018cca5\" data-element_type=\"widget\" data-widget_type=\"text-editor.default\">\n\t\t\t\t<div class=\"elementor-widget-container\">\n\t\t\t\t\t\t\t<p><!-- wp:heading --><\/p>\n<p><!-- \/wp:heading --><!-- wp:paragraph {\"align\":\"left\"} --><\/p>\n<p>So, if you want to create interesting, relevant content for the viewers and thereby get more viewers, feel free to fill in <a href=\"https:\/\/app.grail.fi\/influencer\/onboarding\" target=\"_blank\" rel=\"noopener\">ilmoittautumislomakkeemme<\/a> ja tule <a href=\"https:\/\/discord.gg\/vJNjyAnVTT\">Discord<\/a> to ask more about the possibilities offered. At Grail, we strive to be a streamer's best friend.<\/p>\n<p><!-- \/wp:paragraph --><!-- wp:html --><\/p>\t\t\t\t\t\t<\/div>\n\t\t\t\t<\/div>\n\t\t\t\t\t<\/div>\n\t\t<\/div>\n\t\t\t\t\t<\/div>\n\t\t<\/section>\n\t\t<div class=\"elementor-element elementor-element-f5b7386 e-flex e-con-boxed wpr-particle-no wpr-jarallax-no wpr-parallax-no wpr-sticky-section-no e-con e-parent\" data-id=\"f5b7386\" data-element_type=\"container\" data-no-translation=\"\">\n\t\t\t\t\t<div class=\"e-con-inner\">\n\t\t<div class=\"elementor-element elementor-element-a719015 e-con-full e-flex wpr-particle-no wpr-jarallax-no wpr-parallax-no wpr-sticky-section-no e-con e-parent\" data-id=\"a719015\" data-element_type=\"container\">\n\t\t\t\t<div class=\"elementor-element elementor-element-9368818 elementor-widget elementor-widget-heading\" data-id=\"9368818\" data-element_type=\"widget\" data-widget_type=\"heading.default\">\n\t\t\t\t<div class=\"elementor-widget-container\">\n\t\t\t<h2 class=\"elementor-heading-title elementor-size-default\">Hello streamer, fill out the application from the button!\u200b<\/h2>\t\t<\/div>\n\t\t\t\t<\/div>\n\t\t\t\t<\/div>\n\t\t<div class=\"elementor-element elementor-element-0d3b6a7 e-con-full e-flex wpr-particle-no wpr-jarallax-no wpr-parallax-no wpr-sticky-section-no e-con e-parent\" data-id=\"0d3b6a7\" data-element_type=\"container\">\n\t\t\t\t<div class=\"elementor-element elementor-element-9aa45e0 elementor-button-info elementor-align-center elementor-widget elementor-widget-button\" data-id=\"9aa45e0\" data-element_type=\"widget\" data-widget_type=\"button.default\">\n\t\t\t\t<div class=\"elementor-widget-container\">\n\t\t\t\t\t<div class=\"elementor-button-wrapper\">\n\t\t\t<a class=\"elementor-button elementor-button-link elementor-size-lg elementor-animation-grow\" href=\"https:\/\/app.grail.fi\/influencer\/onboarding\">\n\t\t\t\t\t\t<span class=\"elementor-button-content-wrapper\">\n\t\t\t\t\t\t\t\t\t<span class=\"elementor-button-text\">Fill out the form<\/span>\n\t\t\t\t\t<\/span>\n\t\t\t\t\t<\/a>\n\t\t<\/div>\n\t\t\t\t<\/div>\n\t\t\t\t<\/div>\n\t\t\t\t<\/div>\n\t\t\t\t\t<\/div>\n\t\t\t\t<\/div>\n\t\t<div class=\"elementor-element elementor-element-992ecfa e-flex e-con-boxed wpr-particle-no wpr-jarallax-no wpr-parallax-no wpr-sticky-section-no e-con e-parent\" data-id=\"992ecfa\" data-element_type=\"container\" data-no-translation=\"\">\n\t\t\t\t\t<div class=\"e-con-inner\">\n\t\t<div class=\"elementor-element elementor-element-60842ce e-con-full e-flex wpr-particle-no wpr-jarallax-no wpr-parallax-no wpr-sticky-section-no e-con e-parent\" data-id=\"60842ce\" data-element_type=\"container\">\n\t\t\t\t<div class=\"elementor-element elementor-element-7824030 elementor-widget elementor-widget-heading\" data-id=\"7824030\" data-element_type=\"widget\" data-widget_type=\"heading.default\">\n\t\t\t\t<div class=\"elementor-widget-container\">\n\t\t\t<h2 class=\"elementor-heading-title elementor-size-default\">Ciao streamer, compila la domanda dal pulsante accanto!\u200b<\/h2>\t\t<\/div>\n\t\t\t\t<\/div>\n\t\t\t\t<\/div>\n\t\t<div class=\"elementor-element elementor-element-0d03502 e-con-full e-flex wpr-particle-no wpr-jarallax-no wpr-parallax-no wpr-sticky-section-no e-con e-parent\" data-id=\"0d03502\" data-element_type=\"container\">\n\t\t\t\t<div class=\"elementor-element elementor-element-3cebc29 elementor-button-info elementor-align-center elementor-widget elementor-widget-button\" data-id=\"3cebc29\" data-element_type=\"widget\" data-no-translation=\"\" data-widget_type=\"button.default\">\n\t\t\t\t<div class=\"elementor-widget-container\">\n\t\t\t<style>.elementor-element-3cebc29{display:none !important}<\/style>\t\t<\/div>\n\t\t\t\t<\/div>\n\t\t\t\t<\/div>\n\t\t\t\t\t<\/div>\n\t\t\t\t<\/div>\n\t\t\t\t<section class=\"elementor-section elementor-top-section elementor-element elementor-element-7e756971 elementor-section-height-min-height elementor-section-boxed elementor-section-height-default elementor-section-items-middle wpr-particle-no wpr-jarallax-no wpr-parallax-no wpr-sticky-section-no\" data-id=\"7e756971\" data-element_type=\"section\" data-settings=\"{&quot;background_background&quot;:&quot;classic&quot;}\">\n\t\t\t\t\t\t<div class=\"elementor-container elementor-column-gap-default\">\n\t\t\t\t\t<div class=\"elementor-column elementor-col-66 elementor-top-column elementor-element elementor-element-5c8ad278\" data-id=\"5c8ad278\" data-element_type=\"column\">\n\t\t\t<div class=\"elementor-widget-wrap elementor-element-populated\">\n\t\t\t\t\t\t<div class=\"elementor-element elementor-element-5b055d17 elementor-widget elementor-widget-heading\" data-id=\"5b055d17\" data-element_type=\"widget\" data-widget_type=\"heading.default\">\n\t\t\t\t<div class=\"elementor-widget-container\">\n\t\t\t<h4 class=\"elementor-heading-title elementor-size-medium\"><b>Brand decider, did you got interested?<\/b> Leave your contact information and we'll get your Twitch marketing up and running.<\/h4>\t\t<\/div>\n\t\t\t\t<\/div>\n\t\t\t\t\t<\/div>\n\t\t<\/div>\n\t\t\t\t<div class=\"elementor-column elementor-col-33 elementor-top-column elementor-element elementor-element-43e20e90\" data-id=\"43e20e90\" data-element_type=\"column\">\n\t\t\t<div class=\"elementor-widget-wrap elementor-element-populated\">\n\t\t\t\t\t\t<div class=\"elementor-element elementor-element-1c9010dd elementor-button-info elementor-align-center elementor-widget elementor-widget-button\" data-id=\"1c9010dd\" data-element_type=\"widget\" data-widget_type=\"button.default\">\n\t\t\t\t<div class=\"elementor-widget-container\">\n\t\t\t\t\t<div class=\"elementor-button-wrapper\">\n\t\t\t<a class=\"elementor-button elementor-button-link elementor-size-xs elementor-animation-grow\" href=\"https:\/\/striimaaja.fi\/en\/offer-request\/\">\n\t\t\t\t\t\t<span class=\"elementor-button-content-wrapper\">\n\t\t\t\t\t\t\t\t\t<span class=\"elementor-button-text\">LEAVE YOUR CONTACT HERE<\/span>\n\t\t\t\t\t<\/span>\n\t\t\t\t\t<\/a>\n\t\t<\/div>\n\t\t\t\t<\/div>\n\t\t\t\t<\/div>\n\t\t\t\t\t<\/div>\n\t\t<\/div>\n\t\t\t\t\t<\/div>\n\t\t<\/section>\n\t\t\t\t<section class=\"elementor-section elementor-top-section elementor-element elementor-element-55b3650 elementor-section-boxed elementor-section-height-default elementor-section-height-default wpr-particle-no wpr-jarallax-no wpr-parallax-no wpr-sticky-section-no\" data-id=\"55b3650\" data-element_type=\"section\">\n\t\t\t\t\t\t<div class=\"elementor-container elementor-column-gap-default\">\n\t\t\t\t\t<div class=\"elementor-column elementor-col-100 elementor-top-column elementor-element elementor-element-128baeb8\" data-id=\"128baeb8\" data-element_type=\"column\">\n\t\t\t<div class=\"elementor-widget-wrap elementor-element-populated\">\n\t\t\t\t\t\t\t<\/div>\n\t\t<\/div>\n\t\t\t\t\t<\/div>\n\t\t<\/section>\n\t\t\t\t<\/div>","protected":false},"excerpt":{"rendered":"<p>Yhteist\u00f6it\u00e4 striimaajille Lis\u00e4tienesti\u00e4 striimaajalle l\u00e4pin\u00e4kyv\u00e4sti ja reilusti Hei striimaaja! Oletko saanut kasvatettua oman kanavasi keskim\u00e4\u00e4rin yli 75 katsojaan per l\u00e4hetys? Haluatko saada yhteist\u00f6it\u00e4? Haluatko saada lis\u00e4tienesti\u00e4? Hyv\u00e4! Haemme jatkuvasti avoimella haulla lis\u00e4\u00e4 mielenkiintoisia striimaajia joukkoomme. Hei striimaaja, t\u00e4yt\u00e4 hakemus viereisest\u00e4 napista! T\u00e4yt\u00e4 hakemus Hello streamer, fill out the application from the button!\u200b Fill out the [&hellip;]<\/p>","protected":false},"author":1,"featured_media":325,"parent":0,"menu_order":5,"comment_status":"closed","ping_status":"closed","template":"","meta":{"om_disable_all_campaigns":false,"_monsterinsights_skip_tracking":false,"_monsterinsights_sitenote_active":false,"_monsterinsights_sitenote_note":"","_monsterinsights_sitenote_category":0,"footnotes":""},"class_list":["post-89","page","type-page","status-publish","has-post-thumbnail","hentry","entry","has-media"],"aioseo_notices":[],"_links":{"self":[{"href":"https:\/\/striimaaja.fi\/en\/wp-json\/wp\/v2\/pages\/89"}],"collection":[{"href":"https:\/\/striimaaja.fi\/en\/wp-json\/wp\/v2\/pages"}],"about":[{"href":"https:\/\/striimaaja.fi\/en\/wp-json\/wp\/v2\/types\/page"}],"author":[{"embeddable":true,"href":"https:\/\/striimaaja.fi\/en\/wp-json\/wp\/v2\/users\/1"}],"replies":[{"embeddable":true,"href":"https:\/\/striimaaja.fi\/en\/wp-json\/wp\/v2\/comments?post=89"}],"version-history":[{"count":77,"href":"https:\/\/striimaaja.fi\/en\/wp-json\/wp\/v2\/pages\/89\/revisions"}],"predecessor-version":[{"id":2422,"href":"https:\/\/striimaaja.fi\/en\/wp-json\/wp\/v2\/pages\/89\/revisions\/2422"}],"wp:featuredmedia":[{"embeddable":true,"href":"https:\/\/striimaaja.fi\/en\/wp-json\/wp\/v2\/media\/325"}],"wp:attachment":[{"href":"https:\/\/striimaaja.fi\/en\/wp-json\/wp\/v2\/media?parent=89"}],"curies":[{"name":"wp","href":"https:\/\/api.w.org\/{rel}","templated":true}]}}